{"id":1203,"date":"2018-04-09T04:59:14","date_gmt":"2018-04-09T04:59:14","guid":{"rendered":"http:\/\/setubalalive.com\/?page_id=1203"},"modified":"2025-12-22T18:46:16","modified_gmt":"2025-12-22T18:46:16","slug":"boat-rentals","status":"publish","type":"page","link":"https:\/\/setubalalive.com\/de\/boat-rentals\/","title":{"rendered":"Bootsvermietungen"},"content":{"rendered":"<p>[et_pb_section fb_built=&#8221;1&#8243; module_class=&#8221;alltours&#8221; _builder_version=&#8221;4.20.2&#8243; _module_preset=&#8221;default&#8221; background_enable_color=&#8221;off&#8221; background_enable_image=&#8221;off&#8221; custom_margin=&#8221;-53px||||false|false&#8221; global_colors_info=&#8221;{}&#8221;][et_pb_row _builder_version=&#8221;4.20.2&#8243; _module_preset=&#8221;default&#8221; hover_enabled=&#8221;0&#8243; global_colors_info=&#8221;{}&#8221; sticky_enabled=&#8221;0&#8243;][et_pb_column type=&#8221;4_4&#8243; _builder_version=&#8221;4.20.2&#8243; _module_preset=&#8221;default&#8221; global_colors_info=&#8221;{}&#8221;][et_pb_text _builder_version=&#8221;4.20.4&#8243; _module_preset=&#8221;default&#8221; hover_enabled=&#8221;0&#8243; global_colors_info=&#8221;{}&#8221; sticky_enabled=&#8221;0&#8243;]<\/p>\n<p style=\"text-align: center;\"><img decoding=\"async\" src=\"https:\/\/setubalalive.com\/de\/wp-content\/uploads\/2018\/04\/rentals-white-1-1.svg\" alt=\"boat rental icon\" \/><\/p>\n<h1 style=\"text-align: center;\"><span style=\"color: #ffffff;\">Bootsvermietungen<\/span><\/h1>\n<h3 style=\"text-align: center;\"><span style=\"color: #293989;\">Genie\u00dfen Sie Ihre Reise an Bord eines dieser fabelhaften Boote, w\u00e4hlen Sie Ihr heute!<\/span><\/h3>\n<p>[\/et_pb_text][et_pb_text _builder_version=&#8221;4.21.0&#8243; _module_preset=&#8221;default&#8221; custom_margin=&#8221;70px||||false|false&#8221; hover_enabled=&#8221;0&#8243; global_colors_info=&#8221;{}&#8221; sticky_enabled=&#8221;0&#8243;]<\/p>\n\n<p>[\/et_pb_text][\/et_pb_column][\/et_pb_row][\/et_pb_section][et_pb_section fb_built=&#8221;1&#8243; _builder_version=&#8221;4.20.2&#8243; _module_preset=&#8221;default&#8221; custom_margin=&#8221;0px||0px||false|false&#8221; custom_padding=&#8221;0px||0px||false|false&#8221; global_colors_info=&#8221;{}&#8221;][et_pb_row column_structure=&#8221;1_2,1_2&#8243; use_custom_gutter=&#8221;on&#8221; gutter_width=&#8221;1&#8243; make_equal=&#8221;on&#8221; admin_label=&#8221;Row&#8221; _builder_version=&#8221;4.20.2&#8243; _module_preset=&#8221;default&#8221; width=&#8221;100%&#8221; max_width=&#8221;1920px&#8221; custom_margin=&#8221;0px||0px||true|false&#8221; custom_padding=&#8221;0px||0px||true|false&#8221; global_module=&#8221;3480&#8243; saved_tabs=&#8221;all&#8221; collapsed=&#8221;off&#8221; global_colors_info=&#8221;{}&#8221;][et_pb_column type=&#8221;1_2&#8243; _builder_version=&#8221;4.20.2&#8243; _module_preset=&#8221;default&#8221; background_color=&#8221;#ffbf00&#8243; custom_padding=&#8221;15px|15px|15px|15px|true|true&#8221; global_colors_info=&#8221;{}&#8221;][et_pb_text _builder_version=&#8221;4.21.0&#8243; _module_preset=&#8221;default&#8221; global_colors_info=&#8221;{}&#8221;]<a href=\"https:\/\/setubalalive.com\/de\/boat-rentals\/\"><\/p>\n<div class=\"c1\" style=\"color: #e5007e;\">Vermietung<\/div>\n<div class=\"c2\" style=\"color: #333285;\">MIETE<br \/><span class=\"c3\" style=\"color: #ffffff;\">Unsere Boote<\/span><\/div>\n<div class=\"c4\" style=\"color: #333285; margin-top: 10px;\"><img loading=\"lazy\" decoding=\"async\" class=\"alignnone size-full wp-image-1792\" src=\"https:\/\/setubalalive.com\/de\/wp-content\/uploads\/2015\/10\/right-arrow.png\" alt=\"right-arrow\" width=\"25\" height=\"27\" \/><\/div>\n<p><\/a>[\/et_pb_text][\/et_pb_column][et_pb_column type=&#8221;1_2&#8243; _builder_version=&#8221;4.20.2&#8243; _module_preset=&#8221;default&#8221; background_color=&#8221;#5cc4eb&#8221; custom_padding=&#8221;15px|15px|15px|15px|true|true&#8221; global_colors_info=&#8221;{}&#8221;][et_pb_text _builder_version=&#8221;4.21.0&#8243; _module_preset=&#8221;default&#8221; global_colors_info=&#8221;{}&#8221;]<a href=\"https:\/\/setubalalive.com\/de\/private-boat-tour\/\"> <\/p>\n<div class=\"c1\" style=\"color: #e5007e;\">BOOT<\/div>\n<div class=\"c2\" style=\"color: #333285;\">PRIVATE<br \/><span class=\"c3\" style=\"color: #ffffff;\">Touren<\/span><\/div>\n<div class=\"c4\" style=\"color: #333285; margin-top: 10px;\"><img loading=\"lazy\" decoding=\"async\" class=\"alignnone size-full wp-image-1792\" src=\"https:\/\/setubalalive.com\/de\/wp-content\/uploads\/2015\/10\/right-arrow.png\" alt=\"right-arrow\" width=\"25\" height=\"27\" \/><\/div>\n<p><\/a>[\/et_pb_text][et_pb_text disabled_on=&#8221;on|on|on&#8221; _builder_version=&#8221;4.20.2&#8243; _module_preset=&#8221;default&#8221; disabled=&#8221;on&#8221; global_colors_info=&#8221;{}&#8221;]<a href=\"https:\/\/setubalalive.com\/de\/our-tours\/\"><\/p>\n<div class=\"c1\" style=\"color: #e5007e;\">LAND<\/div>\n<div class=\"c2\" style=\"color: #5cc4eb;\">PRIVATE<br \/>\n<span class=\"c3\" style=\"color: #ffffff;\">TOURS<\/span><\/div>\n<div class=\"c4\" style=\"color: #333285; margin-top: 10px;\"><img loading=\"lazy\" decoding=\"async\" class=\"alignnone size-full wp-image-1792\" src=\"https:\/\/setubalalive.com\/de\/wp-content\/uploads\/2015\/10\/right-arrow.png\" alt=\"right-arrow\" width=\"25\" height=\"27\"><\/div>\n<p><\/a>[\/et_pb_text][\/et_pb_column][\/et_pb_row][\/et_pb_section][et_pb_section fb_built=&#8221;1&#8243; admin_label=&#8221;footer-sec&#8221; _builder_version=&#8221;4.20.2&#8243; _module_preset=&#8221;default&#8221; collapsed=&#8221;off&#8221; global_colors_info=&#8221;{}&#8221;][et_pb_row _builder_version=&#8221;4.20.2&#8243; _module_preset=&#8221;default&#8221; collapsed=&#8221;off&#8221; global_colors_info=&#8221;{}&#8221;][et_pb_column type=&#8221;4_4&#8243; _builder_version=&#8221;4.20.2&#8243; _module_preset=&#8221;default&#8221; global_colors_info=&#8221;{}&#8221;][et_pb_text _builder_version=&#8221;4.20.4&#8243; _module_preset=&#8221;default&#8221; global_colors_info=&#8221;{}&#8221;]<\/p>\n<p style=\"text-align: center;\"><span style=\"color: #b1b1b1;\">SET\u00daBAL ALIVE IST EIN LIZENZIERTES UND EINGETRAGENES WARENZEICHEN VON TURISMO DE PORTUGAL NO. 106\/2020<\/span><\/p>\n<p style=\"text-align: center;\"><img loading=\"lazy\" decoding=\"async\" class=\"client-l alignnone wp-image-16 size-full\" title=\"Munic\u00edpio Set\u00fabal\" src=\"https:\/\/setubalalive.com\/de\/wp-content\/uploads\/2015\/10\/logo_setubal.jpg\" alt=\"Logo Munic\u00edpio de Setubal\" width=\"127\" height=\"87\" \/>\u00a0 \u00a0 <img loading=\"lazy\" decoding=\"async\" class=\"alignnone wp-image-17 size-full\" title=\"Turismo de natureza\" src=\"https:\/\/setubalalive.com\/de\/wp-content\/uploads\/2015\/10\/logo_turismonatureza.jpg\" alt=\"Logo Turismo de natureza\" width=\"102\" height=\"108\" \/> \u00a0<img loading=\"lazy\" decoding=\"async\" class=\"client-l alignnone wp-image-13 size-full\" title=\"Casa da baia Set\u00fabal\" src=\"https:\/\/setubalalive.com\/de\/wp-content\/uploads\/2015\/10\/logo_casabaiasetubal.jpg\" alt=\"Logo Casa da baia Set\u00fabal\" width=\"150\" height=\"119\" \/><\/p>\n<p>[\/et_pb_text][\/et_pb_column][\/et_pb_row][\/et_pb_section]<\/p>\n","protected":false},"excerpt":{"rendered":"<p>Bootsvermietungen Genie\u00dfen Sie Ihre Reise an Bord eines dieser fabelhaften Boote, w\u00e4hlen Sie Ihr heute! Vermietung MIETEUnsere Boote BOOT PRIVATETouren LAND PRIVATE TOURS SET\u00daBAL ALIVE IST EIN LIZENZIERTES UND EINGETRAGENES WARENZEICHEN VON TURISMO DE PORTUGAL NO. 106\/2020 \u00a0 \u00a0 \u00a0<\/p>\n","protected":false},"author":1,"featured_media":0,"parent":0,"menu_order":0,"comment_status":"closed","ping_status":"closed","template":"","meta":{"_acf_changed":false,"_et_pb_use_builder":"on","_et_pb_old_content":"","_et_gb_content_width":"","inline_featured_image":false,"footnotes":""},"class_list":["post-1203","page","type-page","status-publish","hentry"],"acf":[],"yoast_head":"<!-- This site is optimized with the Yoast SEO plugin v26.8 - https:\/\/yoast.com\/product\/yoast-seo-wordpress\/ -->\n<title>Bootsvermietungen - Setubal Alive<\/title>\n<meta name=\"robots\" content=\"index, follow, max-snippet:-1, max-image-preview:large, max-video-preview:-1\" \/>\n<link rel=\"canonical\" href=\"https:\/\/setubalalive.com\/de\/boat-rentals\/\" \/>\n<meta property=\"og:locale\" content=\"en_US\" \/>\n<meta property=\"og:type\" content=\"article\" \/>\n<meta property=\"og:title\" content=\"Bootsvermietungen - Setubal Alive\" \/>\n<meta property=\"og:description\" content=\"Bootsvermietungen Genie\u00dfen Sie Ihre Reise an Bord eines dieser fabelhaften Boote, w\u00e4hlen Sie Ihr heute! Vermietung MIETEUnsere Boote BOOT PRIVATETouren LAND PRIVATE TOURS SET\u00daBAL ALIVE IST EIN LIZENZIERTES UND EINGETRAGENES WARENZEICHEN VON TURISMO DE PORTUGAL NO. 106\/2020 \u00a0 \u00a0 \u00a0\" \/>\n<meta property=\"og:url\" content=\"https:\/\/setubalalive.com\/de\/boat-rentals\/\" \/>\n<meta property=\"og:site_name\" content=\"Setubal Alive\" \/>\n<meta property=\"article:modified_time\" content=\"2025-12-22T18:46:16+00:00\" \/>\n<meta property=\"og:image\" content=\"https:\/\/setubalalive.com\/de\/wp-content\/uploads\/2018\/04\/rentals-white-1-1.svg\" \/>\n<meta name=\"twitter:card\" content=\"summary_large_image\" \/>\n<meta name=\"twitter:label1\" content=\"Est. reading time\" \/>\n\t<meta name=\"twitter:data1\" content=\"3 minutes\" \/>\n<script type=\"application\/ld+json\" class=\"yoast-schema-graph\">{\"@context\":\"https:\/\/schema.org\",\"@graph\":[{\"@type\":\"WebPage\",\"@id\":\"https:\/\/setubalalive.com\/de\/boat-rentals\/\",\"url\":\"https:\/\/setubalalive.com\/de\/boat-rentals\/\",\"name\":\"Bootsvermietungen - Setubal Alive\",\"isPartOf\":{\"@id\":\"https:\/\/setubalalive.com\/de\/#website\"},\"primaryImageOfPage\":{\"@id\":\"https:\/\/setubalalive.com\/de\/boat-rentals\/#primaryimage\"},\"image\":{\"@id\":\"https:\/\/setubalalive.com\/de\/boat-rentals\/#primaryimage\"},\"thumbnailUrl\":\"https:\/\/setubalalive.com\/de\/wp-content\/uploads\/2018\/04\/rentals-white-1-1.svg\",\"datePublished\":\"2018-04-09T04:59:14+00:00\",\"dateModified\":\"2025-12-22T18:46:16+00:00\",\"breadcrumb\":{\"@id\":\"https:\/\/setubalalive.com\/de\/boat-rentals\/#breadcrumb\"},\"inLanguage\":\"en-US\",\"potentialAction\":[{\"@type\":\"ReadAction\",\"target\":[\"https:\/\/setubalalive.com\/de\/boat-rentals\/\"]}]},{\"@type\":\"ImageObject\",\"inLanguage\":\"en-US\",\"@id\":\"https:\/\/setubalalive.com\/de\/boat-rentals\/#primaryimage\",\"url\":\"https:\/\/setubalalive.com\/de\/wp-content\/uploads\/2018\/04\/rentals-white-1-1.svg\",\"contentUrl\":\"https:\/\/setubalalive.com\/de\/wp-content\/uploads\/2018\/04\/rentals-white-1-1.svg\",\"width\":35,\"height\":35},{\"@type\":\"BreadcrumbList\",\"@id\":\"https:\/\/setubalalive.com\/de\/boat-rentals\/#breadcrumb\",\"itemListElement\":[{\"@type\":\"ListItem\",\"position\":1,\"name\":\"Home\",\"item\":\"https:\/\/setubalalive.com\/de\/\"},{\"@type\":\"ListItem\",\"position\":2,\"name\":\"Bootsvermietungen\"}]},{\"@type\":\"WebSite\",\"@id\":\"https:\/\/setubalalive.com\/de\/#website\",\"url\":\"https:\/\/setubalalive.com\/de\/\",\"name\":\"Setubal Alive\",\"description\":\"Private boat tours, Boat Rentals, Jet-Ski Rental\",\"potentialAction\":[{\"@type\":\"SearchAction\",\"target\":{\"@type\":\"EntryPoint\",\"urlTemplate\":\"https:\/\/setubalalive.com\/de\/?s={search_term_string}\"},\"query-input\":{\"@type\":\"PropertyValueSpecification\",\"valueRequired\":true,\"valueName\":\"search_term_string\"}}],\"inLanguage\":\"en-US\"}]}<\/script>\n<!-- \/ Yoast SEO plugin. -->","yoast_head_json":{"title":"Bootsvermietungen - Setubal Alive","robots":{"index":"index","follow":"follow","max-snippet":"max-snippet:-1","max-image-preview":"max-image-preview:large","max-video-preview":"max-video-preview:-1"},"canonical":"https:\/\/setubalalive.com\/de\/boat-rentals\/","og_locale":"en_US","og_type":"article","og_title":"Bootsvermietungen - Setubal Alive","og_description":"Bootsvermietungen Genie\u00dfen Sie Ihre Reise an Bord eines dieser fabelhaften Boote, w\u00e4hlen Sie Ihr heute! Vermietung MIETEUnsere Boote BOOT PRIVATETouren LAND PRIVATE TOURS SET\u00daBAL ALIVE IST EIN LIZENZIERTES UND EINGETRAGENES WARENZEICHEN VON TURISMO DE PORTUGAL NO. 106\/2020 \u00a0 \u00a0 \u00a0","og_url":"https:\/\/setubalalive.com\/de\/boat-rentals\/","og_site_name":"Setubal Alive","article_modified_time":"2025-12-22T18:46:16+00:00","og_image":[{"url":"https:\/\/setubalalive.com\/de\/wp-content\/uploads\/2018\/04\/rentals-white-1-1.svg","type":"","width":"","height":""}],"twitter_card":"summary_large_image","twitter_misc":{"Est. reading time":"3 minutes"},"schema":{"@context":"https:\/\/schema.org","@graph":[{"@type":"WebPage","@id":"https:\/\/setubalalive.com\/de\/boat-rentals\/","url":"https:\/\/setubalalive.com\/de\/boat-rentals\/","name":"Bootsvermietungen - Setubal Alive","isPartOf":{"@id":"https:\/\/setubalalive.com\/de\/#website"},"primaryImageOfPage":{"@id":"https:\/\/setubalalive.com\/de\/boat-rentals\/#primaryimage"},"image":{"@id":"https:\/\/setubalalive.com\/de\/boat-rentals\/#primaryimage"},"thumbnailUrl":"https:\/\/setubalalive.com\/de\/wp-content\/uploads\/2018\/04\/rentals-white-1-1.svg","datePublished":"2018-04-09T04:59:14+00:00","dateModified":"2025-12-22T18:46:16+00:00","breadcrumb":{"@id":"https:\/\/setubalalive.com\/de\/boat-rentals\/#breadcrumb"},"inLanguage":"en-US","potentialAction":[{"@type":"ReadAction","target":["https:\/\/setubalalive.com\/de\/boat-rentals\/"]}]},{"@type":"ImageObject","inLanguage":"en-US","@id":"https:\/\/setubalalive.com\/de\/boat-rentals\/#primaryimage","url":"https:\/\/setubalalive.com\/de\/wp-content\/uploads\/2018\/04\/rentals-white-1-1.svg","contentUrl":"https:\/\/setubalalive.com\/de\/wp-content\/uploads\/2018\/04\/rentals-white-1-1.svg","width":35,"height":35},{"@type":"BreadcrumbList","@id":"https:\/\/setubalalive.com\/de\/boat-rentals\/#breadcrumb","itemListElement":[{"@type":"ListItem","position":1,"name":"Home","item":"https:\/\/setubalalive.com\/de\/"},{"@type":"ListItem","position":2,"name":"Bootsvermietungen"}]},{"@type":"WebSite","@id":"https:\/\/setubalalive.com\/de\/#website","url":"https:\/\/setubalalive.com\/de\/","name":"Setubal Alive","description":"Private boat tours, Boat Rentals, Jet-Ski Rental","potentialAction":[{"@type":"SearchAction","target":{"@type":"EntryPoint","urlTemplate":"https:\/\/setubalalive.com\/de\/?s={search_term_string}"},"query-input":{"@type":"PropertyValueSpecification","valueRequired":true,"valueName":"search_term_string"}}],"inLanguage":"en-US"}]}},"_links":{"self":[{"href":"https:\/\/setubalalive.com\/de\/wp-json\/wp\/v2\/pages\/1203","targetHints":{"allow":["GET"]}}],"collection":[{"href":"https:\/\/setubalalive.com\/de\/wp-json\/wp\/v2\/pages"}],"about":[{"href":"https:\/\/setubalalive.com\/de\/wp-json\/wp\/v2\/types\/page"}],"author":[{"embeddable":true,"href":"https:\/\/setubalalive.com\/de\/wp-json\/wp\/v2\/users\/1"}],"replies":[{"embeddable":true,"href":"https:\/\/setubalalive.com\/de\/wp-json\/wp\/v2\/comments?post=1203"}],"version-history":[{"count":11,"href":"https:\/\/setubalalive.com\/de\/wp-json\/wp\/v2\/pages\/1203\/revisions"}],"predecessor-version":[{"id":5325,"href":"https:\/\/setubalalive.com\/de\/wp-json\/wp\/v2\/pages\/1203\/revisions\/5325"}],"wp:attachment":[{"href":"https:\/\/setubalalive.com\/de\/wp-json\/wp\/v2\/media?parent=1203"}],"curies":[{"name":"wp","href":"https:\/\/api.w.org\/{rel}","templated":true}]}}