{"id":165,"date":"2015-11-03T09:30:58","date_gmt":"2015-11-03T09:30:58","guid":{"rendered":"http:\/\/setubalalive.com\/?page_id=165"},"modified":"2024-07-17T11:56:48","modified_gmt":"2024-07-17T11:56:48","slug":"about-us","status":"publish","type":"page","link":"https:\/\/setubalalive.com\/es\/about-us\/","title":{"rendered":"About Us"},"content":{"rendered":"<p>[et_pb_section fb_built=&#8221;1&#8243; _builder_version=&#8221;4.20.2&#8243; _module_preset=&#8221;default&#8221; background_image=&#8221;https:\/\/setubalalive.com\/es\/wp-content\/uploads\/2015\/10\/background.jpg&#8221; background_size=&#8221;initial&#8221; background_position=&#8221;top_left&#8221; custom_padding=&#8221;0px||||false|false&#8221; global_colors_info=&#8221;{}&#8221;][et_pb_row column_structure=&#8221;1_2,1_2&#8243; _builder_version=&#8221;4.20.2&#8243; _module_preset=&#8221;default&#8221; global_colors_info=&#8221;{}&#8221;][et_pb_column type=&#8221;1_2&#8243; _builder_version=&#8221;4.20.2&#8243; _module_preset=&#8221;default&#8221; global_colors_info=&#8221;{}&#8221;][et_pb_text _builder_version=&#8221;4.20.4&#8243; _module_preset=&#8221;default&#8221; global_colors_info=&#8221;{}&#8221;]<\/p>\n<h1 class=\"main-heading\">SET\u00daBAL ALIVE<\/h1>\n<h1 class=\"sub-heading\">SOBRE NOSOTROS<\/h1>\n<h2 class=\"h2-heading\">QUIENES SOMOS<\/h2>\n<p class=\"main-description\">Todo empez\u00f3 hace m\u00e1s de 20 a\u00f1os con el inicio de una relaci\u00f3n entre dos j\u00f3venes de Set\u00fabal, enamorados de su tierra y por supuesto enamorados de su r\u00edo azul.<\/p>\n<p class=\"main-description\">Ambos son buceadores, con <span style=\"font-family: 'Aller_Rg' !important;\"> carta del capit\u00e1n de mar, instructores n\u00e1uticos, y con un enorme conocimiento del mar y de nuestra regi\u00f3n.<\/span><\/p>\n<p class=\"main-description\">As\u00ed, para que otras personas tengan el privilegio de conocer nuestros rincones por mar, <span style=\"font-family: 'Aller_Rg' !important;\"> Set\u00fabal Alive nace en 2015 para darte el privilegio de realizar el exclusivo tour en barco o velero.<\/span><\/p>\n<p class=\"main-description\">Poder disfrutar de un barco solo para ti y tu familia y\/o amigos. Siempre con un gu\u00eda local que te llevar\u00e1 a descubrir los lugares m\u00e1s bellos, haciendo paradas para ba\u00f1arte en diferentes lugares, y con suerte tambi\u00e9n podr\u00e1s ver a los delfines.<\/p>\n<p class=\"main-description\"><span style=\"color: #e5007d;\">Todas las experiencias son personalizables, para hacer que el momento sea \u00fanico e inolvidable.<br \/><\/span><\/p>\n<p class=\"main-description\">Es posible realizar diferentes tipos de eventos como <span style=\"font-family: 'Aller_Rg' !important;\">fiestas de cumplea\u00f1os, comidas a bordo, despedidas de soltero, fiestas al atardecer, eventos corporativos.<br \/><\/span>Tambi\u00e9n existe la posibilidad de <span style=\"color: #e5007d;\">alquilar una embarcaci\u00f3n sin tripulaci\u00f3n, donde t\u00fa eres el capit\u00e1n,<\/span> pudiendo disfrutar de la embarcaci\u00f3n como si fuera tuya, creando una experiencia \u00fanica para ti y tus amigos y\/o familiares.<\/p>\n<p class=\"main-description\"><span style=\"font-family: 'Aller_Rg' !important; text-transform: uppercase;\"> Disponemos de varios tipos de embarcaciones con el fin de cubrir las m\u00e1s diversas necesidades. <\/span><\/p>\n<p>Puedes ver toda la informaci\u00f3n en nuestra web, o si lo prefieres contactar por <span style=\"color: #e5007d;\"> tel\u00e9fono (+351) 967 622 469<\/span> para que te asesoren sobre la mejor opci\u00f3n para ti.<\/p>\n<p>[\/et_pb_text][\/et_pb_column][et_pb_column type=&#8221;1_2&#8243; _builder_version=&#8221;4.20.2&#8243; _module_preset=&#8221;default&#8221; global_colors_info=&#8221;{}&#8221;][et_pb_image src=&#8221;https:\/\/setubalalive.com\/es\/wp-content\/uploads\/2024\/07\/SetubalAlive-AboutUs-scaled.jpg&#8221; title_text=&#8221;SetubalAlive-AboutUs&#8221; _builder_version=&#8221;4.20.4&#8243; _module_preset=&#8221;default&#8221; hover_enabled=&#8221;0&#8243; global_colors_info=&#8221;{}&#8221; sticky_enabled=&#8221;0&#8243;][\/et_pb_image][\/et_pb_column][\/et_pb_row][\/et_pb_section][et_pb_section fb_built=&#8221;1&#8243; module_class=&#8221;alltours&#8221; _builder_version=&#8221;4.20.2&#8243; _module_preset=&#8221;default&#8221; background_enable_color=&#8221;off&#8221; background_enable_image=&#8221;off&#8221; global_colors_info=&#8221;{}&#8221;][et_pb_row _builder_version=&#8221;4.20.2&#8243; _module_preset=&#8221;default&#8221; global_colors_info=&#8221;{}&#8221;][et_pb_column type=&#8221;4_4&#8243; _builder_version=&#8221;4.20.2&#8243; _module_preset=&#8221;default&#8221; global_colors_info=&#8221;{}&#8221;][et_pb_text _builder_version=&#8221;4.20.4&#8243; _module_preset=&#8221;default&#8221; global_colors_info=&#8221;{}&#8221;]<\/p>\n<h1 style=\"text-align: center;\"><span style=\"color: #ffffff;\">OUR TOURS<\/span><\/h1>\n<h3 style=\"text-align: center;\"><span style=\"color: #293989;\">Select among tours with different kinds, styles and interests<\/span><\/h3>\n<p>[\/et_pb_text][et_pb_text _builder_version=&#8221;4.20.2&#8243; _module_preset=&#8221;default&#8221; custom_margin=&#8221;40px||||false|false&#8221; global_colors_info=&#8221;{}&#8221;][\/et_pb_text][\/et_pb_column][\/et_pb_row][\/et_pb_section][et_pb_section fb_built=&#8221;1&#8243; _builder_version=&#8221;4.20.2&#8243; _module_preset=&#8221;default&#8221; custom_margin=&#8221;0px||0px||true|false&#8221; custom_padding=&#8221;0px||0px||true|false&#8221; global_colors_info=&#8221;{}&#8221;][et_pb_row column_structure=&#8221;1_2,1_2&#8243; use_custom_gutter=&#8221;on&#8221; gutter_width=&#8221;1&#8243; make_equal=&#8221;on&#8221; admin_label=&#8221;Row&#8221; _builder_version=&#8221;4.20.4&#8243; _module_preset=&#8221;default&#8221; width=&#8221;100%&#8221; max_width=&#8221;1920px&#8221; custom_margin=&#8221;0px||0px||true|false&#8221; custom_padding=&#8221;0px||0px||true|false&#8221; global_module=&#8221;3480&#8243; saved_tabs=&#8221;all&#8221; collapsed=&#8221;off&#8221; global_colors_info=&#8221;{}&#8221;][et_pb_column type=&#8221;1_2&#8243; _builder_version=&#8221;4.20.4&#8243; _module_preset=&#8221;default&#8221; background_color=&#8221;#ffbf00&#8243; custom_padding=&#8221;15px|15px|15px|15px|true|true&#8221; global_colors_info=&#8221;{}&#8221;][et_pb_text _builder_version=&#8221;4.20.4&#8243; _module_preset=&#8221;default&#8221; global_colors_info=&#8221;{}&#8221;]<\/p>\n<div class=\"c1\" style=\"color: #e5007e;\">ALQUILER<\/div>\n<div class=\"c2\" style=\"color: #333285;\">NUESTROS<br \/><span class=\"c3\" style=\"color: #ffffff;\">BARCOS<\/span><\/div>\n<div class=\"c4\" style=\"color: #333285; margin-top: 10px;\"><img loading=\"lazy\" decoding=\"async\" class=\"alignnone size-full wp-image-1792\" src=\"https:\/\/setubalalive.com\/es\/wp-content\/uploads\/2015\/10\/right-arrow.png\" alt=\"right-arrow\" width=\"25\" height=\"27\" \/><\/div>\n<p>[\/et_pb_text][\/et_pb_column][et_pb_column type=&#8221;1_2&#8243; _builder_version=&#8221;4.20.2&#8243; _module_preset=&#8221;default&#8221; background_color=&#8221;#5cc4eb&#8221; custom_padding=&#8221;15px|15px|15px|15px|true|true&#8221; global_colors_info=&#8221;{}&#8221;][et_pb_text _builder_version=&#8221;4.20.4&#8243; _module_preset=&#8221;default&#8221; global_colors_info=&#8221;{}&#8221;]<a href=\"https:\/\/setubalalive.com\/es\/private-boat-tour\/\"><\/p>\n<div class=\"c1\" style=\"color: #e5007e;\">BARCO<\/div>\n<div class=\"c2\" style=\"color: #333285;\">PRIVADO<br \/>\n<span class=\"c3\" style=\"color: #ffffff;\">TOURS<\/span><\/div>\n<div class=\"c4\" style=\"color: #333285; margin-top: 10px;\"><img loading=\"lazy\" decoding=\"async\" class=\"alignnone size-full wp-image-1792\" src=\"https:\/\/setubalalive.com\/es\/wp-content\/uploads\/2015\/10\/right-arrow.png\" alt=\"right-arrow\" width=\"25\" height=\"27\"><\/div>\n<p><\/a>[\/et_pb_text][\/et_pb_column][\/et_pb_row][\/et_pb_section]<\/p>\n","protected":false},"excerpt":{"rendered":"<p>SET\u00daBAL ALIVE SOBRE NOSOTROS QUIENES SOMOS Todo empez\u00f3 hace m\u00e1s de 20 a\u00f1os con el inicio de una relaci\u00f3n entre dos j\u00f3venes de Set\u00fabal, enamorados de su tierra y por supuesto enamorados de su r\u00edo azul. Ambos son buceadores, con carta del capit\u00e1n de mar, instructores n\u00e1uticos, y con un enorme conocimiento del mar y [&hellip;]<\/p>\n","protected":false},"author":1,"featured_media":0,"parent":0,"menu_order":0,"comment_status":"closed","ping_status":"closed","template":"","meta":{"_acf_changed":false,"_et_pb_use_builder":"on","_et_pb_old_content":"","_et_gb_content_width":"","inline_featured_image":false,"footnotes":""},"class_list":["post-165","page","type-page","status-publish","hentry"],"acf":[],"yoast_head":"<!-- This site is optimized with the Yoast SEO plugin v26.8 - https:\/\/yoast.com\/product\/yoast-seo-wordpress\/ -->\n<title>Vanda y Andr\u00e9, los fundadores de Set\u00fabalAlive desde 2015<\/title>\n<meta name=\"description\" content=\"\u00a1Este fant\u00e1stico equipo tiene un gran conocimiento de la regi\u00f3n y comparte sus conocimientos para que tengas el mejor viaje en barco!\" \/>\n<meta name=\"robots\" content=\"index, follow, max-snippet:-1, max-image-preview:large, max-video-preview:-1\" \/>\n<link rel=\"canonical\" href=\"https:\/\/setubalalive.com\/es\/about-us\/\" \/>\n<meta property=\"og:locale\" content=\"en_US\" \/>\n<meta property=\"og:type\" content=\"article\" \/>\n<meta property=\"og:title\" content=\"Vanda y Andr\u00e9, los fundadores de Set\u00fabalAlive desde 2015\" \/>\n<meta property=\"og:description\" content=\"\u00a1Este fant\u00e1stico equipo tiene un gran conocimiento de la regi\u00f3n y comparte sus conocimientos para que tengas el mejor viaje en barco!\" \/>\n<meta property=\"og:url\" content=\"https:\/\/setubalalive.com\/es\/about-us\/\" \/>\n<meta property=\"og:site_name\" content=\"Setubal Alive\" \/>\n<meta property=\"article:modified_time\" content=\"2024-07-17T11:56:48+00:00\" \/>\n<meta property=\"og:image\" content=\"https:\/\/setubalalive.com\/es\/wp-content\/uploads\/2015\/10\/right-arrow.png\" \/>\n<meta name=\"twitter:card\" content=\"summary_large_image\" \/>\n<meta name=\"twitter:label1\" content=\"Est. reading time\" \/>\n\t<meta name=\"twitter:data1\" content=\"2 minutes\" \/>\n<script type=\"application\/ld+json\" class=\"yoast-schema-graph\">{\"@context\":\"https:\/\/schema.org\",\"@graph\":[{\"@type\":\"WebPage\",\"@id\":\"https:\/\/setubalalive.com\/es\/about-us\/\",\"url\":\"https:\/\/setubalalive.com\/es\/about-us\/\",\"name\":\"Vanda y Andr\u00e9, los fundadores de Set\u00fabalAlive desde 2015\",\"isPartOf\":{\"@id\":\"https:\/\/setubalalive.com\/es\/#website\"},\"primaryImageOfPage\":{\"@id\":\"https:\/\/setubalalive.com\/es\/about-us\/#primaryimage\"},\"image\":{\"@id\":\"https:\/\/setubalalive.com\/es\/about-us\/#primaryimage\"},\"thumbnailUrl\":\"https:\/\/setubalalive.com\/es\/wp-content\/uploads\/2015\/10\/right-arrow.png\",\"datePublished\":\"2015-11-03T09:30:58+00:00\",\"dateModified\":\"2024-07-17T11:56:48+00:00\",\"description\":\"\u00a1Este fant\u00e1stico equipo tiene un gran conocimiento de la regi\u00f3n y comparte sus conocimientos para que tengas el mejor viaje en barco!\",\"breadcrumb\":{\"@id\":\"https:\/\/setubalalive.com\/es\/about-us\/#breadcrumb\"},\"inLanguage\":\"en-US\",\"potentialAction\":[{\"@type\":\"ReadAction\",\"target\":[\"https:\/\/setubalalive.com\/es\/about-us\/\"]}]},{\"@type\":\"ImageObject\",\"inLanguage\":\"en-US\",\"@id\":\"https:\/\/setubalalive.com\/es\/about-us\/#primaryimage\",\"url\":\"https:\/\/setubalalive.com\/es\/wp-content\/uploads\/2015\/10\/right-arrow.png\",\"contentUrl\":\"https:\/\/setubalalive.com\/es\/wp-content\/uploads\/2015\/10\/right-arrow.png\",\"width\":25,\"height\":27,\"caption\":\"right arrow\"},{\"@type\":\"BreadcrumbList\",\"@id\":\"https:\/\/setubalalive.com\/es\/about-us\/#breadcrumb\",\"itemListElement\":[{\"@type\":\"ListItem\",\"position\":1,\"name\":\"Home\",\"item\":\"https:\/\/setubalalive.com\/es\/\"},{\"@type\":\"ListItem\",\"position\":2,\"name\":\"About Us\"}]},{\"@type\":\"WebSite\",\"@id\":\"https:\/\/setubalalive.com\/es\/#website\",\"url\":\"https:\/\/setubalalive.com\/es\/\",\"name\":\"Setubal Alive\",\"description\":\"Private boat tours, Boat Rentals, Jet-Ski Rental\",\"potentialAction\":[{\"@type\":\"SearchAction\",\"target\":{\"@type\":\"EntryPoint\",\"urlTemplate\":\"https:\/\/setubalalive.com\/es\/?s={search_term_string}\"},\"query-input\":{\"@type\":\"PropertyValueSpecification\",\"valueRequired\":true,\"valueName\":\"search_term_string\"}}],\"inLanguage\":\"en-US\"}]}<\/script>\n<!-- \/ Yoast SEO plugin. -->","yoast_head_json":{"title":"Vanda y Andr\u00e9, los fundadores de Set\u00fabalAlive desde 2015","description":"\u00a1Este fant\u00e1stico equipo tiene un gran conocimiento de la regi\u00f3n y comparte sus conocimientos para que tengas el mejor viaje en barco!","robots":{"index":"index","follow":"follow","max-snippet":"max-snippet:-1","max-image-preview":"max-image-preview:large","max-video-preview":"max-video-preview:-1"},"canonical":"https:\/\/setubalalive.com\/es\/about-us\/","og_locale":"en_US","og_type":"article","og_title":"Vanda y Andr\u00e9, los fundadores de Set\u00fabalAlive desde 2015","og_description":"\u00a1Este fant\u00e1stico equipo tiene un gran conocimiento de la regi\u00f3n y comparte sus conocimientos para que tengas el mejor viaje en barco!","og_url":"https:\/\/setubalalive.com\/es\/about-us\/","og_site_name":"Setubal Alive","article_modified_time":"2024-07-17T11:56:48+00:00","og_image":[{"url":"https:\/\/setubalalive.com\/es\/wp-content\/uploads\/2015\/10\/right-arrow.png","type":"","width":"","height":""}],"twitter_card":"summary_large_image","twitter_misc":{"Est. reading time":"2 minutes"},"schema":{"@context":"https:\/\/schema.org","@graph":[{"@type":"WebPage","@id":"https:\/\/setubalalive.com\/es\/about-us\/","url":"https:\/\/setubalalive.com\/es\/about-us\/","name":"Vanda y Andr\u00e9, los fundadores de Set\u00fabalAlive desde 2015","isPartOf":{"@id":"https:\/\/setubalalive.com\/es\/#website"},"primaryImageOfPage":{"@id":"https:\/\/setubalalive.com\/es\/about-us\/#primaryimage"},"image":{"@id":"https:\/\/setubalalive.com\/es\/about-us\/#primaryimage"},"thumbnailUrl":"https:\/\/setubalalive.com\/es\/wp-content\/uploads\/2015\/10\/right-arrow.png","datePublished":"2015-11-03T09:30:58+00:00","dateModified":"2024-07-17T11:56:48+00:00","description":"\u00a1Este fant\u00e1stico equipo tiene un gran conocimiento de la regi\u00f3n y comparte sus conocimientos para que tengas el mejor viaje en barco!","breadcrumb":{"@id":"https:\/\/setubalalive.com\/es\/about-us\/#breadcrumb"},"inLanguage":"en-US","potentialAction":[{"@type":"ReadAction","target":["https:\/\/setubalalive.com\/es\/about-us\/"]}]},{"@type":"ImageObject","inLanguage":"en-US","@id":"https:\/\/setubalalive.com\/es\/about-us\/#primaryimage","url":"https:\/\/setubalalive.com\/es\/wp-content\/uploads\/2015\/10\/right-arrow.png","contentUrl":"https:\/\/setubalalive.com\/es\/wp-content\/uploads\/2015\/10\/right-arrow.png","width":25,"height":27,"caption":"right arrow"},{"@type":"BreadcrumbList","@id":"https:\/\/setubalalive.com\/es\/about-us\/#breadcrumb","itemListElement":[{"@type":"ListItem","position":1,"name":"Home","item":"https:\/\/setubalalive.com\/es\/"},{"@type":"ListItem","position":2,"name":"About Us"}]},{"@type":"WebSite","@id":"https:\/\/setubalalive.com\/es\/#website","url":"https:\/\/setubalalive.com\/es\/","name":"Setubal Alive","description":"Private boat tours, Boat Rentals, Jet-Ski Rental","potentialAction":[{"@type":"SearchAction","target":{"@type":"EntryPoint","urlTemplate":"https:\/\/setubalalive.com\/es\/?s={search_term_string}"},"query-input":{"@type":"PropertyValueSpecification","valueRequired":true,"valueName":"search_term_string"}}],"inLanguage":"en-US"}]}},"_links":{"self":[{"href":"https:\/\/setubalalive.com\/es\/wp-json\/wp\/v2\/pages\/165","targetHints":{"allow":["GET"]}}],"collection":[{"href":"https:\/\/setubalalive.com\/es\/wp-json\/wp\/v2\/pages"}],"about":[{"href":"https:\/\/setubalalive.com\/es\/wp-json\/wp\/v2\/types\/page"}],"author":[{"embeddable":true,"href":"https:\/\/setubalalive.com\/es\/wp-json\/wp\/v2\/users\/1"}],"replies":[{"embeddable":true,"href":"https:\/\/setubalalive.com\/es\/wp-json\/wp\/v2\/comments?post=165"}],"version-history":[{"count":23,"href":"https:\/\/setubalalive.com\/es\/wp-json\/wp\/v2\/pages\/165\/revisions"}],"predecessor-version":[{"id":5057,"href":"https:\/\/setubalalive.com\/es\/wp-json\/wp\/v2\/pages\/165\/revisions\/5057"}],"wp:attachment":[{"href":"https:\/\/setubalalive.com\/es\/wp-json\/wp\/v2\/media?parent=165"}],"curies":[{"name":"wp","href":"https:\/\/api.w.org\/{rel}","templated":true}]}}