{"id":165,"date":"2015-11-03T09:30:58","date_gmt":"2015-11-03T09:30:58","guid":{"rendered":"http:\/\/setubalalive.com\/?page_id=165"},"modified":"2024-07-17T12:03:07","modified_gmt":"2024-07-17T12:03:07","slug":"about-us","status":"publish","type":"page","link":"https:\/\/setubalalive.com\/fr\/about-us\/","title":{"rendered":"ABOUT US"},"content":{"rendered":"<p>[et_pb_section fb_built=&#8221;1&#8243; _builder_version=&#8221;4.20.2&#8243; _module_preset=&#8221;default&#8221; background_image=&#8221;https:\/\/setubalalive.com\/fr\/wp-content\/uploads\/2015\/10\/background.jpg&#8221; background_size=&#8221;initial&#8221; background_position=&#8221;top_left&#8221; custom_padding=&#8221;0px||||false|false&#8221; global_colors_info=&#8221;{}&#8221;][et_pb_row column_structure=&#8221;1_2,1_2&#8243; _builder_version=&#8221;4.20.2&#8243; _module_preset=&#8221;default&#8221; global_colors_info=&#8221;{}&#8221;][et_pb_column type=&#8221;1_2&#8243; _builder_version=&#8221;4.20.2&#8243; _module_preset=&#8221;default&#8221; global_colors_info=&#8221;{}&#8221;][et_pb_text _builder_version=&#8221;4.20.4&#8243; _module_preset=&#8221;default&#8221; global_colors_info=&#8221;{}&#8221;]<\/p>\n<h1 class=\"main-heading\">SET\u00daBAL ALIVE<\/h1>\n<h1 class=\"sub-heading\">\u00c0 PROPOS DE NOUS<\/h1>\n<h2 class=\"h2-heading\">QUI NOUS SOMMES<\/h2>\n<p class=\"main-description\">Tout a commenc\u00e9 il y a plus de 20 ans avec le d\u00e9but d\u2019une relation entre deux jeunes de Setubal, amoureux de leur terre et bien s\u00fbr amoureux de leur rivi\u00e8re bleue.<\/p>\n<p class=\"main-description\">Tous deux sont des plongeurs, avec une <span style=\"font-family: 'Aller_Rg' !important;\">lettre du capitaine, des instructeurs nautiques, et avec une \u00e9norme connaissance de la mer et de notre r\u00e9gion.<\/span><\/p>\n<p class=\"main-description\">Ainsi, pour que d\u2019autres personnes aient le privil\u00e8ge de conna\u00eetre nos coins en bord de mer, Set\u00fabal Alive a \u00e9t\u00e9 cr\u00e9\u00e9e en 2015 <span style=\"font-family: 'Aller_Rg' !important;\"> pour vous donner le privil\u00e8ge de faire le tour exclusif en bateau ou voilier. <\/span>Pouvoir profiter d\u2019un bateau rien que pour vous et votre famille et \/ ou vos amis.<\/p>\n<p class=\"main-description\">Toujours avec un <span style=\"font-family: 'Aller_Rg' !important;\"> guide local qui vous emm\u00e8nera d\u00e9couvrir les plus beaux endroits, en faisant des arr\u00eats pour vous baigner dans diff\u00e9rents endroits, <\/span> et j\u2019esp\u00e8re que vous pourrez \u00e9galement voir les dauphins.<\/p>\n<p class=\"main-description\"><span style=\"color: #e5007d;\">Toutes les exp\u00e9riences sont personnalisables, pour rendre le moment unique et inoubliable.<\/span><\/p>\n<p class=\"main-description\">Il est possible d\u2019organiser diff\u00e9rents types d\u2019\u00e9v\u00e9nements tels que des <span style=\"font-family: 'Aller_Rg' !important;\">anniversaires, des repas \u00e0 bord, des enterrements de vie de gar\u00e7on, soir\u00e9es au coucher du soleil, \u00e9v\u00e9nements d\u2019entreprise.<\/span><\/p>\n<p class=\"main-description\">Il y a aussi la possibilit\u00e9 de <span style=\"font-family: 'Aller_Rg' !important;\">louer un bateau sans \u00e9quipage, o\u00f9 vous \u00eates le capitaine, pour pouvoir profiter du bateau comme s\u2019il \u00e9tait le v\u00f4tre, cr\u00e9ant une exp\u00e9rience unique pour vous et vos amis et \/ ou votre famille.<\/span><br \/>Nous disposons de plusieurs types de bateaux afin de r\u00e9pondre aux besoins les plus divers.<\/p>\n<p>Vous pouvez voir toutes les informations sur notre site Web, ou si vous pr\u00e9f\u00e9rez contacter par <span style=\"color: #e5007d;\"> t\u00e9l\u00e9phone (+351) 967 622 469<\/span> afin qu\u2019ils puissent vous conseiller sur la meilleure option pour vous.<\/p>\n<p>[\/et_pb_text][\/et_pb_column][et_pb_column type=&#8221;1_2&#8243; _builder_version=&#8221;4.20.2&#8243; _module_preset=&#8221;default&#8221; global_colors_info=&#8221;{}&#8221;][et_pb_image src=&#8221;https:\/\/setubalalive.com\/fr\/wp-content\/uploads\/2024\/07\/SetubalAlive-AboutUs-scaled.jpg&#8221; title_text=&#8221;SetubalAlive-AboutUs&#8221; _builder_version=&#8221;4.20.4&#8243; _module_preset=&#8221;default&#8221; hover_enabled=&#8221;0&#8243; global_colors_info=&#8221;{}&#8221; sticky_enabled=&#8221;0&#8243;][\/et_pb_image][\/et_pb_column][\/et_pb_row][\/et_pb_section][et_pb_section fb_built=&#8221;1&#8243; module_class=&#8221;alltours&#8221; _builder_version=&#8221;4.20.2&#8243; _module_preset=&#8221;default&#8221; background_enable_color=&#8221;off&#8221; background_enable_image=&#8221;off&#8221; global_colors_info=&#8221;{}&#8221;][et_pb_row _builder_version=&#8221;4.20.2&#8243; _module_preset=&#8221;default&#8221; global_colors_info=&#8221;{}&#8221;][et_pb_column type=&#8221;4_4&#8243; _builder_version=&#8221;4.20.2&#8243; _module_preset=&#8221;default&#8221; global_colors_info=&#8221;{}&#8221;][et_pb_text _builder_version=&#8221;4.20.4&#8243; _module_preset=&#8221;default&#8221; global_colors_info=&#8221;{}&#8221;]<\/p>\n<h1 style=\"text-align: center;\"><span style=\"color: #ffffff;\">NOS VISITES<\/span><\/h1>\n<h3 style=\"text-align: center;\"><span style=\"color: #293989;\">Choisissez parmi les visites avec diff\u00e9rents types, styles et int\u00e9r\u00eats<\/span><\/h3>\n<p>[\/et_pb_text][et_pb_text _builder_version=&#8221;4.20.2&#8243; _module_preset=&#8221;default&#8221; custom_margin=&#8221;40px||||false|false&#8221; global_colors_info=&#8221;{}&#8221;][\/et_pb_text][\/et_pb_column][\/et_pb_row][\/et_pb_section][et_pb_section fb_built=&#8221;1&#8243; _builder_version=&#8221;4.20.2&#8243; _module_preset=&#8221;default&#8221; custom_margin=&#8221;0px||0px||true|false&#8221; custom_padding=&#8221;0px||0px||true|false&#8221; global_colors_info=&#8221;{}&#8221;][et_pb_row column_structure=&#8221;1_2,1_2&#8243; use_custom_gutter=&#8221;on&#8221; gutter_width=&#8221;1&#8243; make_equal=&#8221;on&#8221; admin_label=&#8221;Row&#8221; _builder_version=&#8221;4.20.2&#8243; _module_preset=&#8221;default&#8221; width=&#8221;100%&#8221; max_width=&#8221;1920px&#8221; custom_margin=&#8221;0px||0px||true|false&#8221; custom_padding=&#8221;0px||0px||true|false&#8221; global_module=&#8221;3480&#8243; saved_tabs=&#8221;all&#8221; collapsed=&#8221;off&#8221; global_colors_info=&#8221;{}&#8221;][et_pb_column type=&#8221;1_2&#8243; _builder_version=&#8221;4.20.2&#8243; _module_preset=&#8221;default&#8221; background_color=&#8221;#ffbf00&#8243; custom_padding=&#8221;15px|15px|15px|15px|true|true&#8221; global_colors_info=&#8221;{}&#8221;][et_pb_text _builder_version=&#8221;4.20.4&#8243; _module_preset=&#8221;default&#8221; global_colors_info=&#8221;{}&#8221;]<a href=\"https:\/\/setubalalive.com\/fr\/boat-rentals\/\"><\/p>\n<div class=\"c1\" style=\"color: #e5007e;\">LOCATION<\/div>\n<div class=\"c2\" style=\"color: #333285;\">LOUER<br \/>\n<span class=\"c3\" style=\"color: #ffffff;\">NOS BATEAUX<\/span><\/div>\n<div class=\"c4\" style=\"color: #333285; margin-top: 10px;\"><img loading=\"lazy\" decoding=\"async\" class=\"alignnone size-full wp-image-1792\" src=\"https:\/\/setubalalive.com\/fr\/wp-content\/uploads\/2015\/10\/right-arrow.png\" alt=\"right-arrow\" width=\"25\" height=\"27\"><\/div>\n<p><\/a>[\/et_pb_text][\/et_pb_column][et_pb_column type=&#8221;1_2&#8243; _builder_version=&#8221;4.20.2&#8243; _module_preset=&#8221;default&#8221; background_color=&#8221;#5cc4eb&#8221; custom_padding=&#8221;15px|15px|15px|15px|true|true&#8221; global_colors_info=&#8221;{}&#8221;][et_pb_text _builder_version=&#8221;4.20.4&#8243; _module_preset=&#8221;default&#8221; global_colors_info=&#8221;{}&#8221;]<a href=\"https:\/\/setubalalive.com\/fr\/private-boat-tour\/\"><\/p>\n<div class=\"c1\" style=\"color: #e5007e;\">BATEAU<\/div>\n<div class=\"c2\" style=\"color: #333285;\">PRIV\u00c9<br \/>\n<span class=\"c3\" style=\"color: #ffffff;\">TOUR<\/span><\/div>\n<div class=\"c4\" style=\"color: #333285; margin-top: 10px;\"><img loading=\"lazy\" decoding=\"async\" class=\"alignnone size-full wp-image-1792\" src=\"https:\/\/setubalalive.com\/fr\/wp-content\/uploads\/2015\/10\/right-arrow.png\" alt=\"right-arrow\" width=\"25\" height=\"27\"><\/div>\n<p><\/a>[\/et_pb_text][\/et_pb_column][\/et_pb_row][\/et_pb_section]<\/p>\n","protected":false},"excerpt":{"rendered":"<p>SET\u00daBAL ALIVE \u00c0 PROPOS DE NOUS QUI NOUS SOMMES Tout a commenc\u00e9 il y a plus de 20 ans avec le d\u00e9but d\u2019une relation entre deux jeunes de Setubal, amoureux de leur terre et bien s\u00fbr amoureux de leur rivi\u00e8re bleue. Tous deux sont des plongeurs, avec une lettre du capitaine, des instructeurs nautiques, et [&hellip;]<\/p>\n","protected":false},"author":1,"featured_media":0,"parent":0,"menu_order":0,"comment_status":"closed","ping_status":"closed","template":"","meta":{"_acf_changed":false,"_et_pb_use_builder":"on","_et_pb_old_content":"","_et_gb_content_width":"","inline_featured_image":false,"footnotes":""},"class_list":["post-165","page","type-page","status-publish","hentry"],"acf":[],"yoast_head":"<!-- This site is optimized with the Yoast SEO plugin v26.8 - https:\/\/yoast.com\/product\/yoast-seo-wordpress\/ -->\n<title>Vanda et Andr\u00e9, les fondateurs de Set\u00fabalAlive depuis 2015<\/title>\n<meta name=\"description\" content=\"Une \u00e9quipe fantastique avec une grande connaissance de la r\u00e9gion pour faire la meilleure excursion en bateau de tous les temps!\" \/>\n<meta name=\"robots\" content=\"index, follow, max-snippet:-1, max-image-preview:large, max-video-preview:-1\" \/>\n<link rel=\"canonical\" href=\"https:\/\/setubalalive.com\/fr\/about-us\/\" \/>\n<meta property=\"og:locale\" content=\"en_US\" \/>\n<meta property=\"og:type\" content=\"article\" \/>\n<meta property=\"og:title\" content=\"Vanda et Andr\u00e9, les fondateurs de Set\u00fabalAlive depuis 2015\" \/>\n<meta property=\"og:description\" content=\"Une \u00e9quipe fantastique avec une grande connaissance de la r\u00e9gion pour faire la meilleure excursion en bateau de tous les temps!\" \/>\n<meta property=\"og:url\" content=\"https:\/\/setubalalive.com\/fr\/about-us\/\" \/>\n<meta property=\"og:site_name\" content=\"Setubal Alive\" \/>\n<meta property=\"article:modified_time\" content=\"2024-07-17T12:03:07+00:00\" \/>\n<meta property=\"og:image\" content=\"https:\/\/setubalalive.com\/fr\/wp-content\/uploads\/2015\/10\/right-arrow.png\" \/>\n<meta name=\"twitter:card\" content=\"summary_large_image\" \/>\n<meta name=\"twitter:label1\" content=\"Est. reading time\" \/>\n\t<meta name=\"twitter:data1\" content=\"3 minutes\" \/>\n<script type=\"application\/ld+json\" class=\"yoast-schema-graph\">{\"@context\":\"https:\/\/schema.org\",\"@graph\":[{\"@type\":\"WebPage\",\"@id\":\"https:\/\/setubalalive.com\/fr\/about-us\/\",\"url\":\"https:\/\/setubalalive.com\/fr\/about-us\/\",\"name\":\"Vanda et Andr\u00e9, les fondateurs de Set\u00fabalAlive depuis 2015\",\"isPartOf\":{\"@id\":\"https:\/\/setubalalive.com\/fr\/#website\"},\"primaryImageOfPage\":{\"@id\":\"https:\/\/setubalalive.com\/fr\/about-us\/#primaryimage\"},\"image\":{\"@id\":\"https:\/\/setubalalive.com\/fr\/about-us\/#primaryimage\"},\"thumbnailUrl\":\"https:\/\/setubalalive.com\/fr\/wp-content\/uploads\/2015\/10\/right-arrow.png\",\"datePublished\":\"2015-11-03T09:30:58+00:00\",\"dateModified\":\"2024-07-17T12:03:07+00:00\",\"description\":\"Une \u00e9quipe fantastique avec une grande connaissance de la r\u00e9gion pour faire la meilleure excursion en bateau de tous les temps!\",\"breadcrumb\":{\"@id\":\"https:\/\/setubalalive.com\/fr\/about-us\/#breadcrumb\"},\"inLanguage\":\"en-US\",\"potentialAction\":[{\"@type\":\"ReadAction\",\"target\":[\"https:\/\/setubalalive.com\/fr\/about-us\/\"]}]},{\"@type\":\"ImageObject\",\"inLanguage\":\"en-US\",\"@id\":\"https:\/\/setubalalive.com\/fr\/about-us\/#primaryimage\",\"url\":\"https:\/\/setubalalive.com\/fr\/wp-content\/uploads\/2015\/10\/right-arrow.png\",\"contentUrl\":\"https:\/\/setubalalive.com\/fr\/wp-content\/uploads\/2015\/10\/right-arrow.png\",\"width\":25,\"height\":27,\"caption\":\"right arrow\"},{\"@type\":\"BreadcrumbList\",\"@id\":\"https:\/\/setubalalive.com\/fr\/about-us\/#breadcrumb\",\"itemListElement\":[{\"@type\":\"ListItem\",\"position\":1,\"name\":\"Home\",\"item\":\"https:\/\/setubalalive.com\/fr\/\"},{\"@type\":\"ListItem\",\"position\":2,\"name\":\"ABOUT US\"}]},{\"@type\":\"WebSite\",\"@id\":\"https:\/\/setubalalive.com\/fr\/#website\",\"url\":\"https:\/\/setubalalive.com\/fr\/\",\"name\":\"Setubal Alive\",\"description\":\"Private boat tours, Boat Rentals, Jet-Ski Rental\",\"potentialAction\":[{\"@type\":\"SearchAction\",\"target\":{\"@type\":\"EntryPoint\",\"urlTemplate\":\"https:\/\/setubalalive.com\/fr\/?s={search_term_string}\"},\"query-input\":{\"@type\":\"PropertyValueSpecification\",\"valueRequired\":true,\"valueName\":\"search_term_string\"}}],\"inLanguage\":\"en-US\"}]}<\/script>\n<!-- \/ Yoast SEO plugin. -->","yoast_head_json":{"title":"Vanda et Andr\u00e9, les fondateurs de Set\u00fabalAlive depuis 2015","description":"Une \u00e9quipe fantastique avec une grande connaissance de la r\u00e9gion pour faire la meilleure excursion en bateau de tous les temps!","robots":{"index":"index","follow":"follow","max-snippet":"max-snippet:-1","max-image-preview":"max-image-preview:large","max-video-preview":"max-video-preview:-1"},"canonical":"https:\/\/setubalalive.com\/fr\/about-us\/","og_locale":"en_US","og_type":"article","og_title":"Vanda et Andr\u00e9, les fondateurs de Set\u00fabalAlive depuis 2015","og_description":"Une \u00e9quipe fantastique avec une grande connaissance de la r\u00e9gion pour faire la meilleure excursion en bateau de tous les temps!","og_url":"https:\/\/setubalalive.com\/fr\/about-us\/","og_site_name":"Setubal Alive","article_modified_time":"2024-07-17T12:03:07+00:00","og_image":[{"url":"https:\/\/setubalalive.com\/fr\/wp-content\/uploads\/2015\/10\/right-arrow.png","type":"","width":"","height":""}],"twitter_card":"summary_large_image","twitter_misc":{"Est. reading time":"3 minutes"},"schema":{"@context":"https:\/\/schema.org","@graph":[{"@type":"WebPage","@id":"https:\/\/setubalalive.com\/fr\/about-us\/","url":"https:\/\/setubalalive.com\/fr\/about-us\/","name":"Vanda et Andr\u00e9, les fondateurs de Set\u00fabalAlive depuis 2015","isPartOf":{"@id":"https:\/\/setubalalive.com\/fr\/#website"},"primaryImageOfPage":{"@id":"https:\/\/setubalalive.com\/fr\/about-us\/#primaryimage"},"image":{"@id":"https:\/\/setubalalive.com\/fr\/about-us\/#primaryimage"},"thumbnailUrl":"https:\/\/setubalalive.com\/fr\/wp-content\/uploads\/2015\/10\/right-arrow.png","datePublished":"2015-11-03T09:30:58+00:00","dateModified":"2024-07-17T12:03:07+00:00","description":"Une \u00e9quipe fantastique avec une grande connaissance de la r\u00e9gion pour faire la meilleure excursion en bateau de tous les temps!","breadcrumb":{"@id":"https:\/\/setubalalive.com\/fr\/about-us\/#breadcrumb"},"inLanguage":"en-US","potentialAction":[{"@type":"ReadAction","target":["https:\/\/setubalalive.com\/fr\/about-us\/"]}]},{"@type":"ImageObject","inLanguage":"en-US","@id":"https:\/\/setubalalive.com\/fr\/about-us\/#primaryimage","url":"https:\/\/setubalalive.com\/fr\/wp-content\/uploads\/2015\/10\/right-arrow.png","contentUrl":"https:\/\/setubalalive.com\/fr\/wp-content\/uploads\/2015\/10\/right-arrow.png","width":25,"height":27,"caption":"right arrow"},{"@type":"BreadcrumbList","@id":"https:\/\/setubalalive.com\/fr\/about-us\/#breadcrumb","itemListElement":[{"@type":"ListItem","position":1,"name":"Home","item":"https:\/\/setubalalive.com\/fr\/"},{"@type":"ListItem","position":2,"name":"ABOUT US"}]},{"@type":"WebSite","@id":"https:\/\/setubalalive.com\/fr\/#website","url":"https:\/\/setubalalive.com\/fr\/","name":"Setubal Alive","description":"Private boat tours, Boat Rentals, Jet-Ski Rental","potentialAction":[{"@type":"SearchAction","target":{"@type":"EntryPoint","urlTemplate":"https:\/\/setubalalive.com\/fr\/?s={search_term_string}"},"query-input":{"@type":"PropertyValueSpecification","valueRequired":true,"valueName":"search_term_string"}}],"inLanguage":"en-US"}]}},"_links":{"self":[{"href":"https:\/\/setubalalive.com\/fr\/wp-json\/wp\/v2\/pages\/165","targetHints":{"allow":["GET"]}}],"collection":[{"href":"https:\/\/setubalalive.com\/fr\/wp-json\/wp\/v2\/pages"}],"about":[{"href":"https:\/\/setubalalive.com\/fr\/wp-json\/wp\/v2\/types\/page"}],"author":[{"embeddable":true,"href":"https:\/\/setubalalive.com\/fr\/wp-json\/wp\/v2\/users\/1"}],"replies":[{"embeddable":true,"href":"https:\/\/setubalalive.com\/fr\/wp-json\/wp\/v2\/comments?post=165"}],"version-history":[{"count":26,"href":"https:\/\/setubalalive.com\/fr\/wp-json\/wp\/v2\/pages\/165\/revisions"}],"predecessor-version":[{"id":5140,"href":"https:\/\/setubalalive.com\/fr\/wp-json\/wp\/v2\/pages\/165\/revisions\/5140"}],"wp:attachment":[{"href":"https:\/\/setubalalive.com\/fr\/wp-json\/wp\/v2\/media?parent=165"}],"curies":[{"name":"wp","href":"https:\/\/api.w.org\/{rel}","templated":true}]}}